{"id":2,"date":"2023-05-15T08:16:46","date_gmt":"2023-05-15T06:16:46","guid":{"rendered":"https:\/\/atelier-fournil.fr\/?page_id=2"},"modified":"2023-05-15T08:46:57","modified_gmt":"2023-05-15T06:46:57","slug":"page-d-exemple","status":"publish","type":"page","link":"https:\/\/atelier-fournil.fr\/?page_id=2","title":{"rendered":"A propos"},"content":{"rendered":"\n<p>L&rsquo;atelier Fournil est une \u00e9quipe de 6 boulangers et boulang\u00e8res passionn\u00e9(e)s par le pain au levain. Le site est en construction.<\/p>\n","protected":false},"excerpt":{"rendered":"<p>L&rsquo;atelier Fournil est une \u00e9quipe de 6 boulangers et boulang\u00e8res passionn\u00e9(e)s par le pain au levain. Le site est en construction.<\/p>\n","protected":false},"author":1,"featured_media":0,"parent":0,"menu_order":0,"comment_status":"closed","ping_status":"open","template":"","meta":{"footnotes":""},"class_list":["post-2","page","type-page","status-publish","hentry"],"_links":{"self":[{"href":"https:\/\/atelier-fournil.fr\/index.php?rest_route=\/wp\/v2\/pages\/2","targetHints":{"allow":["GET"]}}],"collection":[{"href":"https:\/\/atelier-fournil.fr\/index.php?rest_route=\/wp\/v2\/pages"}],"about":[{"href":"https:\/\/atelier-fournil.fr\/index.php?rest_route=\/wp\/v2\/types\/page"}],"author":[{"embeddable":true,"href":"https:\/\/atelier-fournil.fr\/index.php?rest_route=\/wp\/v2\/users\/1"}],"replies":[{"embeddable":true,"href":"https:\/\/atelier-fournil.fr\/index.php?rest_route=%2Fwp%2Fv2%2Fcomments&post=2"}],"version-history":[{"count":2,"href":"https:\/\/atelier-fournil.fr\/index.php?rest_route=\/wp\/v2\/pages\/2\/revisions"}],"predecessor-version":[{"id":14,"href":"https:\/\/atelier-fournil.fr\/index.php?rest_route=\/wp\/v2\/pages\/2\/revisions\/14"}],"wp:attachment":[{"href":"https:\/\/atelier-fournil.fr\/index.php?rest_route=%2Fwp%2Fv2%2Fmedia&parent=2"}],"curies":[{"name":"wp","href":"https:\/\/api.w.org\/{rel}","templated":true}]}}